{"id":11856,"date":"2021-05-12T04:18:10","date_gmt":"2021-05-12T04:18:10","guid":{"rendered":"https:\/\/www.gavias-theme.com\/wp\/inusti\/?page_id=11856"},"modified":"2022-09-13T02:03:39","modified_gmt":"2022-09-13T02:03:39","slug":"servicios","status":"publish","type":"page","link":"https:\/\/spinta.digital\/ferrotorre\/services\/servicios\/","title":{"rendered":"Servicios"},"content":{"rendered":"\t\t<div data-elementor-type=\"wp-page\" data-elementor-id=\"11856\" class=\"elementor elementor-11856\">\n\t\t\t\t\t\t\t\t\t<section data-particle_enable=\"false\" data-particle-mobile-disabled=\"false\" class=\"elementor-section elementor-top-section elementor-element elementor-element-0bac85f elementor-section-boxed elementor-section-height-default elementor-section-height-default\" data-id=\"0bac85f\" data-element_type=\"section\" data-settings=\"{&quot;background_background&quot;:&quot;classic&quot;}\">\n\t\t\t\t\t\t<div class=\"elementor-container elementor-column-gap-default\">\n\t\t\t\t\t<div class=\"elementor-column elementor-col-100 elementor-top-column elementor-element elementor-element-f142b4c top column-style-top\" data-id=\"f142b4c\" data-element_type=\"column\">\n\t\t\t<div class=\"elementor-widget-wrap elementor-element-populated\">\n\t\t\t\t\t\t\t\t<div class=\"elementor-element elementor-element-310878b elementor-widget elementor-widget-spacer\" data-id=\"310878b\" data-element_type=\"widget\" data-widget_type=\"spacer.default\">\n\t\t\t\t<div class=\"elementor-widget-container\">\n\t\t\t<style>\/*! elementor - v3.7.7 - 20-09-2022 *\/\n.elementor-column .elementor-spacer-inner{height:var(--spacer-size)}.e-container{--container-widget-width:100%}.e-container>.elementor-widget-spacer{width:var(--container-widget-width,var(--spacer-size));-ms-flex-item-align:stretch;align-self:stretch;-ms-flex-negative:0;flex-shrink:0}.e-container>.elementor-widget-spacer>.elementor-widget-container,.e-container>.elementor-widget-spacer>.elementor-widget-container>.elementor-spacer{height:100%}.e-container>.elementor-widget-spacer>.elementor-widget-container>.elementor-spacer>.elementor-spacer-inner{height:var(--container-widget-height,var(--spacer-size))}<\/style>\t\t<div class=\"elementor-spacer\">\n\t\t\t<div class=\"elementor-spacer-inner\"><\/div>\n\t\t<\/div>\n\t\t\t\t<\/div>\n\t\t\t\t<\/div>\n\t\t\t\t<div class=\"elementor-element elementor-element-12ef598 elementor-widget elementor-widget-gva-heading-block\" data-id=\"12ef598\" data-element_type=\"widget\" data-widget_type=\"gva-heading-block.default\">\n\t\t\t\t<div class=\"elementor-widget-container\">\n\t\t\t<div class=\"gva-element-gva-heading-block gva-element\">   <div class=\"align-center style-1 widget gsc-heading box-align-left\">\r\n      <div class=\"content-inner\">\r\n         \r\n                  \r\n                     <div class=\"clearfix\"><div class=\"sub-title\"><span>NUESTROS<\/span><\/div><\/div>\r\n           \r\n         \r\n                     <h2 class=\"title\">\r\n               <span>Servicios<\/span>\r\n            <\/h2>\r\n                  \r\n         \r\n      <\/div>\r\n   <\/div>\r\n   <div class=\"clearfix\"><\/div>\r\n<\/div>\t\t<\/div>\n\t\t\t\t<\/div>\n\t\t\t\t<div class=\"elementor-element elementor-element-fa1af81 elementor-widget elementor-widget-spacer\" data-id=\"fa1af81\" data-element_type=\"widget\" data-widget_type=\"spacer.default\">\n\t\t\t\t<div class=\"elementor-widget-container\">\n\t\t\t\t\t<div class=\"elementor-spacer\">\n\t\t\t<div class=\"elementor-spacer-inner\"><\/div>\n\t\t<\/div>\n\t\t\t\t<\/div>\n\t\t\t\t<\/div>\n\t\t\t\t\t<\/div>\n\t\t<\/div>\n\t\t\t\t\t\t\t<\/div>\n\t\t<\/section>\n\t\t\t\t<section data-particle_enable=\"false\" data-particle-mobile-disabled=\"false\" class=\"elementor-section elementor-top-section elementor-element elementor-element-d0b6185 elementor-section-boxed elementor-section-height-default elementor-section-height-default\" data-id=\"d0b6185\" data-element_type=\"section\" data-settings=\"{&quot;background_background&quot;:&quot;classic&quot;}\">\n\t\t\t\t\t\t<div class=\"elementor-container elementor-column-gap-default\">\n\t\t\t\t\t<div class=\"elementor-column elementor-col-100 elementor-top-column elementor-element elementor-element-2ddd2e1 top column-style-top\" data-id=\"2ddd2e1\" data-element_type=\"column\">\n\t\t\t<div class=\"elementor-widget-wrap elementor-element-populated\">\n\t\t\t\t\t\t\t\t<div class=\"elementor-element elementor-element-59912c4 elementor-widget elementor-widget-spacer\" data-id=\"59912c4\" data-element_type=\"widget\" data-widget_type=\"spacer.default\">\n\t\t\t\t<div class=\"elementor-widget-container\">\n\t\t\t\t\t<div class=\"elementor-spacer\">\n\t\t\t<div class=\"elementor-spacer-inner\"><\/div>\n\t\t<\/div>\n\t\t\t\t<\/div>\n\t\t\t\t<\/div>\n\t\t\t\t<div class=\"elementor-element elementor-element-b1f811c elementor-widget elementor-widget-spacer\" data-id=\"b1f811c\" data-element_type=\"widget\" data-widget_type=\"spacer.default\">\n\t\t\t\t<div class=\"elementor-widget-container\">\n\t\t\t\t\t<div class=\"elementor-spacer\">\n\t\t\t<div class=\"elementor-spacer-inner\"><\/div>\n\t\t<\/div>\n\t\t\t\t<\/div>\n\t\t\t\t<\/div>\n\t\t\t\t<div class=\"elementor-element elementor-element-474a1e0 elementor-hidden-mobile elementor-widget elementor-widget-htmega-tab-addons\" data-id=\"474a1e0\" data-element_type=\"widget\" data-widget_type=\"htmega-tab-addons.default\">\n\t\t\t\t<div class=\"elementor-widget-container\">\n\t\t\t            <div class=\"htmega-tab-area htmega-tab-style-5\">\r\n\r\n                <div class=\"htmega-tab-nav htb-nav htmega-tab-menu-style-5\" role=\"tablist\">\r\n                    <a class=\"htb-nav-link htb-active htb-show elementor-repeater-item-908f95d\" href=\"#htmegatab-474a1e01\" data-toggle=\"htbtab\" role=\"tab\"><i aria-hidden=\"true\" class=\"fas fa-long-arrow-alt-right\"><\/i>Servicio de corte<\/a><a class=\"htb-nav-link  elementor-repeater-item-b7a960c\" href=\"#htmegatab-474a1e02\" data-toggle=\"htbtab\" role=\"tab\"><i aria-hidden=\"true\" class=\"fas fa-long-arrow-alt-right\"><\/i>Servicio especiales<\/a><a class=\"htb-nav-link  elementor-repeater-item-8549ad4\" href=\"#htmegatab-474a1e03\" data-toggle=\"htbtab\" role=\"tab\"><i aria-hidden=\"true\" class=\"fas fa-long-arrow-alt-right\"><\/i>Servicio de galvanizado<\/a>                <\/div>\r\n\r\n                <div class=\"htmega-tab-content-area htb-tab-content\">\r\n                    <div class=\"htmega-single-tab htb-tab-pane htb-fade htb-active htb-show elementor-repeater-item-908f95d\" id=\"htmegatab-474a1e01\" role=\"tabpanel\"><div class=\"htmega-tab-content\"><p><img loading=\"lazy\" decoding=\"async\" class=\"alignnone size-full wp-image-13548\" src=\"https:\/\/spinta.digital\/ferrotorre\/wp-content\/uploads\/2022\/08\/Asset-1-100.jpg\" alt=\"\" width=\"1805\" height=\"534\" srcset=\"https:\/\/spinta.digital\/ferrotorre\/wp-content\/uploads\/2022\/08\/Asset-1-100.jpg 1805w, https:\/\/spinta.digital\/ferrotorre\/wp-content\/uploads\/2022\/08\/Asset-1-100-1024x303.jpg 1024w, https:\/\/spinta.digital\/ferrotorre\/wp-content\/uploads\/2022\/08\/Asset-1-100-768x227.jpg 768w, https:\/\/spinta.digital\/ferrotorre\/wp-content\/uploads\/2022\/08\/Asset-1-100-600x178.jpg 600w\" sizes=\"auto, (max-width: 1805px) 100vw, 1805px\" \/><\/p><\/div><\/div><div class=\"htmega-single-tab htb-tab-pane htb-fade  elementor-repeater-item-b7a960c\" id=\"htmegatab-474a1e02\" role=\"tabpanel\"><div class=\"htmega-tab-content\"><p><img loading=\"lazy\" decoding=\"async\" class=\"alignnone size-full wp-image-13544\" src=\"https:\/\/spinta.digital\/ferrotorre\/wp-content\/uploads\/2022\/08\/Asset-2-100.jpg\" alt=\"\" width=\"1806\" height=\"534\" srcset=\"https:\/\/spinta.digital\/ferrotorre\/wp-content\/uploads\/2022\/08\/Asset-2-100.jpg 1806w, https:\/\/spinta.digital\/ferrotorre\/wp-content\/uploads\/2022\/08\/Asset-2-100-1024x303.jpg 1024w, https:\/\/spinta.digital\/ferrotorre\/wp-content\/uploads\/2022\/08\/Asset-2-100-768x227.jpg 768w, https:\/\/spinta.digital\/ferrotorre\/wp-content\/uploads\/2022\/08\/Asset-2-100-600x177.jpg 600w\" sizes=\"auto, (max-width: 1806px) 100vw, 1806px\" \/><\/p><\/div><\/div><div class=\"htmega-single-tab htb-tab-pane htb-fade  elementor-repeater-item-8549ad4\" id=\"htmegatab-474a1e03\" role=\"tabpanel\"><div class=\"htmega-tab-content\"><p><img loading=\"lazy\" decoding=\"async\" class=\"alignnone size-full wp-image-13543\" src=\"https:\/\/spinta.digital\/ferrotorre\/wp-content\/uploads\/2022\/08\/Asset-4-100.jpg\" alt=\"\" width=\"1806\" height=\"536\" srcset=\"https:\/\/spinta.digital\/ferrotorre\/wp-content\/uploads\/2022\/08\/Asset-4-100.jpg 1806w, https:\/\/spinta.digital\/ferrotorre\/wp-content\/uploads\/2022\/08\/Asset-4-100-1024x304.jpg 1024w, https:\/\/spinta.digital\/ferrotorre\/wp-content\/uploads\/2022\/08\/Asset-4-100-768x228.jpg 768w, https:\/\/spinta.digital\/ferrotorre\/wp-content\/uploads\/2022\/08\/Asset-4-100-600x178.jpg 600w\" sizes=\"auto, (max-width: 1806px) 100vw, 1806px\" \/><\/p><\/div><\/div>                <\/div>\r\n\r\n            <\/div>\r\n\r\n        \t\t<\/div>\n\t\t\t\t<\/div>\n\t\t\t\t<div class=\"elementor-element elementor-element-ec3b2b4 elementor-hidden-desktop elementor-hidden-tablet elementor-widget elementor-widget-htmega-tab-addons\" data-id=\"ec3b2b4\" data-element_type=\"widget\" data-widget_type=\"htmega-tab-addons.default\">\n\t\t\t\t<div class=\"elementor-widget-container\">\n\t\t\t            <div class=\"htmega-tab-area htmega-tab-style-1\">\r\n\r\n                <div class=\"htmega-tab-nav htb-nav htmega-tab-menu-style-1\" role=\"tablist\">\r\n                    <a class=\"htb-nav-link htb-active htb-show elementor-repeater-item-908f95d\" href=\"#htmegatab-ec3b2b41\" data-toggle=\"htbtab\" role=\"tab\"><i aria-hidden=\"true\" class=\"fas fa-long-arrow-alt-right\"><\/i>Servicio de corte<\/a><a class=\"htb-nav-link  elementor-repeater-item-b7a960c\" href=\"#htmegatab-ec3b2b42\" data-toggle=\"htbtab\" role=\"tab\"><i aria-hidden=\"true\" class=\"fas fa-long-arrow-alt-right\"><\/i>Servicio especiales<\/a><a class=\"htb-nav-link  elementor-repeater-item-8549ad4\" href=\"#htmegatab-ec3b2b43\" data-toggle=\"htbtab\" role=\"tab\"><i aria-hidden=\"true\" class=\"fas fa-long-arrow-alt-right\"><\/i>Servicio de galvanizado<\/a>                <\/div>\r\n\r\n                <div class=\"htmega-tab-content-area htb-tab-content\">\r\n                    <div class=\"htmega-single-tab htb-tab-pane htb-fade htb-active htb-show elementor-repeater-item-908f95d\" id=\"htmegatab-ec3b2b41\" role=\"tabpanel\"><div class=\"htmega-tab-content\"><p><img loading=\"lazy\" decoding=\"async\" class=\"alignnone size-full wp-image-13548\" src=\"https:\/\/spinta.digital\/ferrotorre\/wp-content\/uploads\/2022\/08\/Asset-1-100.jpg\" alt=\"\" width=\"1805\" height=\"534\" srcset=\"https:\/\/spinta.digital\/ferrotorre\/wp-content\/uploads\/2022\/08\/Asset-1-100.jpg 1805w, https:\/\/spinta.digital\/ferrotorre\/wp-content\/uploads\/2022\/08\/Asset-1-100-1024x303.jpg 1024w, https:\/\/spinta.digital\/ferrotorre\/wp-content\/uploads\/2022\/08\/Asset-1-100-768x227.jpg 768w, https:\/\/spinta.digital\/ferrotorre\/wp-content\/uploads\/2022\/08\/Asset-1-100-600x178.jpg 600w\" sizes=\"auto, (max-width: 1805px) 100vw, 1805px\" \/><\/p><\/div><\/div><div class=\"htmega-single-tab htb-tab-pane htb-fade  elementor-repeater-item-b7a960c\" id=\"htmegatab-ec3b2b42\" role=\"tabpanel\"><div class=\"htmega-tab-content\"><p><img loading=\"lazy\" decoding=\"async\" class=\"alignnone size-full wp-image-13544\" src=\"https:\/\/spinta.digital\/ferrotorre\/wp-content\/uploads\/2022\/08\/Asset-2-100.jpg\" alt=\"\" width=\"1806\" height=\"534\" srcset=\"https:\/\/spinta.digital\/ferrotorre\/wp-content\/uploads\/2022\/08\/Asset-2-100.jpg 1806w, https:\/\/spinta.digital\/ferrotorre\/wp-content\/uploads\/2022\/08\/Asset-2-100-1024x303.jpg 1024w, https:\/\/spinta.digital\/ferrotorre\/wp-content\/uploads\/2022\/08\/Asset-2-100-768x227.jpg 768w, https:\/\/spinta.digital\/ferrotorre\/wp-content\/uploads\/2022\/08\/Asset-2-100-600x177.jpg 600w\" sizes=\"auto, (max-width: 1806px) 100vw, 1806px\" \/><\/p><\/div><\/div><div class=\"htmega-single-tab htb-tab-pane htb-fade  elementor-repeater-item-8549ad4\" id=\"htmegatab-ec3b2b43\" role=\"tabpanel\"><div class=\"htmega-tab-content\"><p><img loading=\"lazy\" decoding=\"async\" class=\"alignnone size-full wp-image-13543\" src=\"https:\/\/spinta.digital\/ferrotorre\/wp-content\/uploads\/2022\/08\/Asset-4-100.jpg\" alt=\"\" width=\"1806\" height=\"536\" srcset=\"https:\/\/spinta.digital\/ferrotorre\/wp-content\/uploads\/2022\/08\/Asset-4-100.jpg 1806w, https:\/\/spinta.digital\/ferrotorre\/wp-content\/uploads\/2022\/08\/Asset-4-100-1024x304.jpg 1024w, https:\/\/spinta.digital\/ferrotorre\/wp-content\/uploads\/2022\/08\/Asset-4-100-768x228.jpg 768w, https:\/\/spinta.digital\/ferrotorre\/wp-content\/uploads\/2022\/08\/Asset-4-100-600x178.jpg 600w\" sizes=\"auto, (max-width: 1806px) 100vw, 1806px\" \/><\/p><\/div><\/div>                <\/div>\r\n\r\n            <\/div>\r\n\r\n        \t\t<\/div>\n\t\t\t\t<\/div>\n\t\t\t\t\t<\/div>\n\t\t<\/div>\n\t\t\t\t\t\t\t<\/div>\n\t\t<\/section>\n\t\t\t\t<section data-particle_enable=\"false\" data-particle-mobile-disabled=\"false\" class=\"elementor-section elementor-top-section elementor-element elementor-element-a62508d elementor-section-boxed elementor-section-height-default elementor-section-height-default\" data-id=\"a62508d\" data-element_type=\"section\">\n\t\t\t\t\t\t<div class=\"elementor-container elementor-column-gap-default\">\n\t\t\t\t\t<div class=\"elementor-column elementor-col-33 elementor-top-column elementor-element elementor-element-509c908 top column-style-top\" data-id=\"509c908\" data-element_type=\"column\">\n\t\t\t<div class=\"elementor-widget-wrap elementor-element-populated\">\n\t\t\t\t\t\t\t\t<div class=\"elementor-element elementor-element-9c442bc elementor-widget elementor-widget-image\" data-id=\"9c442bc\" data-element_type=\"widget\" data-widget_type=\"image.default\">\n\t\t\t\t<div class=\"elementor-widget-container\">\n\t\t\t<style>\/*! elementor - v3.7.7 - 20-09-2022 *\/\n.elementor-widget-image{text-align:center}.elementor-widget-image a{display:inline-block}.elementor-widget-image a img[src$=\".svg\"]{width:48px}.elementor-widget-image img{vertical-align:middle;display:inline-block}<\/style>\t\t\t\t\t\t\t\t\t\t\t\t<img loading=\"lazy\" decoding=\"async\" width=\"540\" height=\"694\" src=\"https:\/\/spinta.digital\/ferrotorre\/wp-content\/uploads\/2022\/07\/persona02.jpg\" class=\"attachment-full size-full\" alt=\"\" \/>\t\t\t\t\t\t\t\t\t\t\t\t\t\t\t<\/div>\n\t\t\t\t<\/div>\n\t\t\t\t<div class=\"elementor-element elementor-element-1640017 elementor-view-stacked elementor-shape-circle elementor-widget elementor-widget-icon\" data-id=\"1640017\" data-element_type=\"widget\" data-widget_type=\"icon.default\">\n\t\t\t\t<div class=\"elementor-widget-container\">\n\t\t\t\t\t<div class=\"elementor-icon-wrapper\">\n\t\t\t<div class=\"elementor-icon\">\n\t\t\t<i aria-hidden=\"true\" class=\"fas fa-headphones-alt\"><\/i>\t\t\t<\/div>\n\t\t<\/div>\n\t\t\t\t<\/div>\n\t\t\t\t<\/div>\n\t\t\t\t<div class=\"elementor-element elementor-element-50c7c18 elementor-widget elementor-widget-gva-icon-box-styles\" data-id=\"50c7c18\" data-element_type=\"widget\" data-widget_type=\"gva-icon-box-styles.default\">\n\t\t\t\t<div class=\"elementor-widget-container\">\n\t\t\t<div class=\"gva-element-gva-icon-box-styles gva-element\">\r\n   \r\n\r\n         <div class=\"widget gsc-icon-box-styles style-2\">\r\n         \r\n                     <h3 class=\"title\">\r\n                                 \u00bfNecesitas m\u00e1s informaci\u00f3n?                     \r\n            <\/h3>\r\n                  <div class=\"content-inner\">\r\n                           <div class=\"desc\"><div> UIO: 02 404 101 <br>\nGYE: 04 501 205 <\/div>   <\/div>\r\n                     <\/div>\r\n      <\/div> \r\n      \r\n\r\n\r\n<\/div>\t\t<\/div>\n\t\t\t\t<\/div>\n\t\t\t\t\t<\/div>\n\t\t<\/div>\n\t\t\t\t<div class=\"elementor-column elementor-col-66 elementor-top-column elementor-element elementor-element-1cb6f1d top column-style-top\" data-id=\"1cb6f1d\" data-element_type=\"column\">\n\t\t\t<div class=\"elementor-widget-wrap elementor-element-populated\">\n\t\t\t\t\t\t\t\t<div class=\"elementor-element elementor-element-97619c8 elementor-widget elementor-widget-spacer\" data-id=\"97619c8\" data-element_type=\"widget\" data-widget_type=\"spacer.default\">\n\t\t\t\t<div class=\"elementor-widget-container\">\n\t\t\t\t\t<div class=\"elementor-spacer\">\n\t\t\t<div class=\"elementor-spacer-inner\"><\/div>\n\t\t<\/div>\n\t\t\t\t<\/div>\n\t\t\t\t<\/div>\n\t\t\t\t<div class=\"elementor-element elementor-element-f67bc0d elementor-widget elementor-widget-heading\" data-id=\"f67bc0d\" data-element_type=\"widget\" data-widget_type=\"heading.default\">\n\t\t\t\t<div class=\"elementor-widget-container\">\n\t\t\t<style>\/*! elementor - v3.7.7 - 20-09-2022 *\/\n.elementor-heading-title{padding:0;margin:0;line-height:1}.elementor-widget-heading .elementor-heading-title[class*=elementor-size-]>a{color:inherit;font-size:inherit;line-height:inherit}.elementor-widget-heading .elementor-heading-title.elementor-size-small{font-size:15px}.elementor-widget-heading .elementor-heading-title.elementor-size-medium{font-size:19px}.elementor-widget-heading .elementor-heading-title.elementor-size-large{font-size:29px}.elementor-widget-heading .elementor-heading-title.elementor-size-xl{font-size:39px}.elementor-widget-heading .elementor-heading-title.elementor-size-xxl{font-size:59px}<\/style><h2 class=\"elementor-heading-title elementor-size-default\">Servicios<\/h2>\t\t<\/div>\n\t\t\t\t<\/div>\n\t\t\t\t<div class=\"elementor-element elementor-element-b2deadd elementor-widget elementor-widget-text-editor\" data-id=\"b2deadd\" data-element_type=\"widget\" data-widget_type=\"text-editor.default\">\n\t\t\t\t<div class=\"elementor-widget-container\">\n\t\t\t<style>\/*! elementor - v3.7.7 - 20-09-2022 *\/\n.elementor-widget-text-editor.elementor-drop-cap-view-stacked .elementor-drop-cap{background-color:#818a91;color:#fff}.elementor-widget-text-editor.elementor-drop-cap-view-framed .elementor-drop-cap{color:#818a91;border:3px solid;background-color:transparent}.elementor-widget-text-editor:not(.elementor-drop-cap-view-default) .elementor-drop-cap{margin-top:8px}.elementor-widget-text-editor:not(.elementor-drop-cap-view-default) .elementor-drop-cap-letter{width:1em;height:1em}.elementor-widget-text-editor .elementor-drop-cap{float:left;text-align:center;line-height:1;font-size:50px}.elementor-widget-text-editor .elementor-drop-cap-letter{display:inline-block}<\/style>\t\t\t\t<p><b>FLEJES Y PLEGADOS<\/b><\/p><ul><li><span style=\"font-weight: 400;\">Disponemos de flejes en acero negro en diferentes medidas y espesores.<\/span><\/li><li><span style=\"font-weight: 400;\">Producimos perfiles plegados en medidas especiales y que est\u00e1n definidos por el c\u00e1lculo estructural de cada proyecto<\/span><\/li><\/ul><p><strong>ESPECIALES<\/strong><\/p><p><span style=\"font-weight: 400;\">Se desarrollan a medida seg\u00fan el c\u00e1lculo estructural del cliente.<\/span><\/p><p><b>GALVANIZADO<\/b><\/p><p><span style=\"font-weight: 400;\">Recubrimiento de zinc por inmersi\u00f3n sobre una pieza de acero, que prolonga su vida \u00fatil por 25 a\u00f1os y m\u00e1s, seg\u00fan su aplicaci\u00f3n.<\/span><\/p><p><span style=\"font-weight: 400;\">-Planchas Galvanizadas<\/span><\/p><p><span style=\"font-weight: 400;\">-Planchas laminadas en caliente<\/span><\/p><p>\u00a0<\/p><p>\u00a0<\/p>\t\t\t\t\t\t<\/div>\n\t\t\t\t<\/div>\n\t\t\t\t\t<\/div>\n\t\t<\/div>\n\t\t\t\t\t\t\t<\/div>\n\t\t<\/section>\n\t\t\t\t\t\t\t<\/div>\n\t\t","protected":false},"excerpt":{"rendered":"<p>NUESTROS Servicios Servicio de corteServicio especialesServicio de galvanizado Servicio de corteServicio especialesServicio de galvanizado \u00bfNecesitas m\u00e1s informaci\u00f3n? UIO: 02 404 101 GYE: 04 501 205 Servicios FLEJES Y PLEGADOS Disponemos [&hellip;]<\/p>\n","protected":false},"author":1,"featured_media":13043,"parent":3124,"menu_order":0,"comment_status":"closed","ping_status":"closed","template":"elementor_header_footer","meta":{"_joinchat":[],"footnotes":""},"class_list":["post-11856","page","type-page","status-publish","has-post-thumbnail","hentry"],"_links":{"self":[{"href":"https:\/\/spinta.digital\/ferrotorre\/wp-json\/wp\/v2\/pages\/11856","targetHints":{"allow":["GET"]}}],"collection":[{"href":"https:\/\/spinta.digital\/ferrotorre\/wp-json\/wp\/v2\/pages"}],"about":[{"href":"https:\/\/spinta.digital\/ferrotorre\/wp-json\/wp\/v2\/types\/page"}],"author":[{"embeddable":true,"href":"https:\/\/spinta.digital\/ferrotorre\/wp-json\/wp\/v2\/users\/1"}],"replies":[{"embeddable":true,"href":"https:\/\/spinta.digital\/ferrotorre\/wp-json\/wp\/v2\/comments?post=11856"}],"version-history":[{"count":107,"href":"https:\/\/spinta.digital\/ferrotorre\/wp-json\/wp\/v2\/pages\/11856\/revisions"}],"predecessor-version":[{"id":14431,"href":"https:\/\/spinta.digital\/ferrotorre\/wp-json\/wp\/v2\/pages\/11856\/revisions\/14431"}],"up":[{"embeddable":true,"href":"https:\/\/spinta.digital\/ferrotorre\/wp-json\/wp\/v2\/pages\/3124"}],"wp:featuredmedia":[{"embeddable":true,"href":"https:\/\/spinta.digital\/ferrotorre\/wp-json\/wp\/v2\/media\/13043"}],"wp:attachment":[{"href":"https:\/\/spinta.digital\/ferrotorre\/wp-json\/wp\/v2\/media?parent=11856"}],"curies":[{"name":"wp","href":"https:\/\/api.w.org\/{rel}","templated":true}]}}